{"id":381,"date":"2024-01-05T09:49:55","date_gmt":"2024-01-05T16:49:55","guid":{"rendered":"https:\/\/smartmarina.ddns.net\/?page_id=381"},"modified":"2025-12-06T13:37:23","modified_gmt":"2025-12-06T20:37:23","slug":"inicio","status":"publish","type":"page","link":"https:\/\/smartmarina.ddns.net\/","title":{"rendered":"Inicio"},"content":{"rendered":"<div class=\"wpb-content-wrapper\"><p>[vc_row][vc_column][vc_column_text]<\/p>\n<p style=\"text-align: center;\">\u2660<\/p>\n<p><b>Una marina inteligente (Smart Marina) es aquella que cuenta con una infraestructura automatizada de equipos, software y procesos, lo mas \u00e1giles posibles y con la m\u00ednima cantidad de errores (velocidad y precisi\u00f3n). Cuya estad\u00eda de todos sus clientes temporales o permanentes sea con la mejor comodidad, seriedad y seguridad posible, garantizando siempre el retorno a sus instalaciones portuarias en su pr\u00f3xima visita, maximizando con esto los ingresos econ\u00f3micos de la marina. Permiti\u00e9ndole tambi\u00e9n orientar al personal el mayor tiempo posible a las cosas mas relevantes e importantes del negocio, mejorando el clima laboral y la atenci\u00f3n al cliente.<\/b>[\/vc_column_text][\/vc_column][\/vc_row][vc_row][vc_column][vc_separator border_width=&#8221;3&#8243;][vc_column_text]<strong>Despu\u00e9s de mas de 20 a\u00f1os de experiencia, se ha llegado a la conclusi\u00f3n de que uno de los servicios que brinda la mayor satisfacci\u00f3n a los clientes, mientras est\u00e1n abordo de sus embarcaciones, es contar con un buen servicio de internet y de telecomunicaciones. Sobre todo ahora en la era del streaming y las redes sociales.<\/strong><\/p>\n<p><strong>El modelo patentado de marina inteligente incluye:<\/strong><\/p>\n<ul>\n<li><strong>Redes ethernet de uso marino de bajo costo y alta velocidad (gigabit ethernet) desde mas de 14 a\u00f1os.<\/strong><\/li>\n<li><strong>Sistema automatizado de medici\u00f3n de consumo de electricidad y agua, para todo tipo de conexiones 220\/480VCA desde 100 a 5000 amperes con mas de 5 a\u00f1os de implementaci\u00f3n.<\/strong><\/li>\n<li><strong>Detecci\u00f3n inteligente de anomal\u00edas el\u00e9ctricas y de la necesidad de mantenimiento a pedestales marinos (Prevenci\u00f3n de da\u00f1os a la infraestructura de la marina y de los clientes garantizando la calidad energ\u00e9tica dentro de las normas nacionales e internacionales).\u00a0<\/strong><\/li>\n<li><strong>M\u00f3dulos de transmisi\u00f3n de datos activo dentro de las embarcaciones para emitir alerta de inundaci\u00f3n, conato de incendio y presencia de embarcaciones. (En etapa de implementaci\u00f3n y pruebas)<\/strong><\/li>\n<li><strong>Tarjetas inteligentes RFID en pedestales marinos para el control de servicios a las embarcaciones y control de acceso de tripulantes, mediante el despliegue de datos en una pantalla tipo marquesina (En proceso de desarrollo).\u00a0 \u00a0\u00a0<\/strong><\/li>\n<\/ul>\n<p>[\/vc_column_text][\/vc_column][\/vc_row][vc_row][vc_column][vc_column_text]<img loading=\"lazy\" decoding=\"async\" class=\"alignleft wp-image-388 \" src=\"https:\/\/smartmarina.ddns.net\/wp-content\/uploads\/2024\/01\/WiredEth1.jpg\" alt=\"\" width=\"344\" height=\"588\" srcset=\"https:\/\/smartmarina.ddns.net\/wp-content\/uploads\/2024\/01\/WiredEth1.jpg 337w, https:\/\/smartmarina.ddns.net\/wp-content\/uploads\/2024\/01\/WiredEth1-176x300.jpg 176w\" sizes=\"auto, (max-width: 344px) 100vw, 344px\" \/><\/p>\n<p>Definitivamente proporcionarles a las embarcaciones el servicio de internet mediante conexiones WiFi en toda la cobertura de una marina es poco funcional y una muy mala opci\u00f3n, debido a que se pueden detectar hasta 30 se\u00f1ales de redes inal\u00e1mbricas simultaneas dentro de las embarcaciones y en las zonas circundantes, lo cual destruye las se\u00f1ales de comunicaci\u00f3n, proporcionando un bajo rendimiento y la ocurrencia de fallas constantes.<\/p>\n<p>Las redes WiFi en las frecuencias 2.4 GHz y 5 GHz con el est\u00e1ndar WiFi AC y AX, consumen un amplio ancho de banda, lo que permite operar m\u00e1ximo tres redes en 2.4 GHz y cinco en 5 GHz, sin interferir unas con otras, con la mejor configuraci\u00f3n posible. Otro inconveniente en el caso de las embarcaciones, es que el casco de la embarcaci\u00f3n act\u00faa como un factor de aislante muy significativo en la perdida de se\u00f1ales inal\u00e1mbricas provenientes del exterior.<\/p>\n<p>Hace mas de 16 a\u00f1os descubrimos este problema y se dise\u00f1o una marina operando con tres redes de \u00e1rea local, una por cada muelle integrando 4 servicios Infinitum ADSL de 4 Mbps integrados (16 Mbps por muelle), para proporcionar enlaces de alta velocidad en cada pedestal marino para cada embarcaci\u00f3n basados en el Ethernet al\u00e1mbrico. Actualmente se proporcionan 740 Mbps en Internet Infinitum FTTH por muelle mediante fibra \u00f3ptica y una red Gigabit Ethernet, disponibles para cada pedestal utilizando el mismo cableado original.<\/p>\n<p>La imagen de la izquierda muestra una embarcaci\u00f3n que instal\u00f3 su propio socket externo aislado especial para exteriores, totalmente compatible con el de los muelles, para conectar su propia red local a la red Ethernet de la marina, ademas de conectar su propia red inal\u00e1mbrica tipo Mesh de alta calidad en su interior, la cual esta protegida de las interferencias externas por su casco de metal, normalmente se utiliza este mismo proceso de interconexi\u00f3n en barcos con varias cubiertas, que ya cuentan con una red ethernet para enlace vertical y redes wifi para conectividad horizontal. Lo \u00fanico que hacen es conectar su infraestructura de red existente al pedestal de los muelles, para obtener el enlace al proveedor de internet de alta velocidad con fibra \u00f3ptica, sin perdida de paquetes de comunicaci\u00f3n como sucede con el WiFi.[\/vc_column_text][\/vc_column][\/vc_row][vc_row][vc_column][vc_column_text]<img loading=\"lazy\" decoding=\"async\" class=\"alignleft wp-image-391 size-full\" src=\"https:\/\/smartmarina.ddns.net\/wp-content\/uploads\/2024\/01\/WiredEth2.jpg\" alt=\"\" width=\"450\" height=\"610\" srcset=\"https:\/\/smartmarina.ddns.net\/wp-content\/uploads\/2024\/01\/WiredEth2.jpg 450w, https:\/\/smartmarina.ddns.net\/wp-content\/uploads\/2024\/01\/WiredEth2-221x300.jpg 221w\" sizes=\"auto, (max-width: 450px) 100vw, 450px\" \/><\/p>\n<p>El proceso de conexi\u00f3n del cliente es muy sencillo, es como conectar uno mas de sus servicios de energ\u00eda el\u00e9ctrica o agua en el pedestal, como muestra la fotograf\u00eda el socket Ethernet est\u00e1 ubicado en la parte de atr\u00e1s del pedestal, de forma visible.<\/p>\n<p>El cable utilizado para conectar las embarcaciones al pedestal est\u00e1 certificado para exteriores con relleno interior de gel para conservar la temperatura y su calibre AWG 24 da soporte Gigabit Ethernet, su forro es tan grueso que hasta el momento no se han registrado fallas por inducci\u00f3n el\u00e9ctrica.<\/p>\n<p>Este modelo de red al\u00e1mbrica Ethernet no solo es para las grandes embarcaciones que cuentan con su propia infraestructura de red, sino tambi\u00e9n para las peque\u00f1as embarcaciones que pueden adquirir su propio ruteador inal\u00e1mbrico por un poco mas de $200 pesos al momento de comprar su cable de conexi\u00f3n al pedestal.<\/p>\n<p>Este modelo de red Ethernet en los muelles no solo permite proporcionar internet de alta velocidad y confiabilidad a los clientes, sino que tambi\u00e9n crea una infraestructura muy importante para la marina, que le permite contar con sistemas de videovigilancia CCTV totalmente confiables y monitoreados dentro de los muelles, m\u00faltiples antenas de WiFi de alta velocidad y de baja potencia administrados por zonas (para los clientes de corta estad\u00eda, que no desean adquirir su propio cable y un ruteador), la instalaci\u00f3n de cajas inteligentes SmartPed (de fabricaci\u00f3n propia) y los sistemas de medidores EKM Smart Meter de patente, estos recursos son administrados por la oficina de la marina mediante el software de control (SmartMarina) basado en Windows y por los clientes mediante las aplicaciones m\u00f3viles en Android e iOS.[\/vc_column_text][\/vc_column][\/vc_row][vc_row][vc_column][vc_column_text]<\/p>\n<p style=\"text-align: center;\"><strong>Para m\u00e1s informaci\u00f3n consulte la secci\u00f3n de beneficios y tecnolog\u00edas del men\u00fa principal<\/strong><\/p>\n<p>[\/vc_column_text][vc_images_carousel images=&#8221;116,118,396,510,508,734&#8243; img_size=&#8221;322*387&#8243; mode=&#8221;vertical&#8221; speed=&#8221;8000&#8243; autoplay=&#8221;yes&#8221; wrap=&#8221;yes&#8221; css_animation=&#8221;none&#8221; title=&#8221;Cajas Smart Pedestal v1 (Externa), v2 (Interna \/ Externa), v3 (Miniatura) y v5 Trif\u00e1sica 480VCA 200A&#8221;][\/vc_column][\/vc_row]<\/p>\n<\/div>","protected":false},"excerpt":{"rendered":"<p>[vc_row][vc_column][vc_column_text] \u2660 Una marina inteligente (Smart Marina) es aquella que cuenta con una infraestructura automatizada de equipos, software y procesos, lo mas \u00e1giles posibles y con la m\u00ednima cantidad de errores (velocidad y precisi\u00f3n). Cuya estad\u00eda de todos sus clientes temporales o permanentes sea con la mejor comodidad, seriedad y seguridad posible, garantizando siempre el&hellip;&nbsp;<a href=\"https:\/\/smartmarina.ddns.net\/\" rel=\"bookmark\">Leer m\u00e1s &raquo;<span class=\"screen-reader-text\">Inicio<\/span><\/a><\/p>\n","protected":false},"author":1,"featured_media":0,"parent":0,"menu_order":0,"comment_status":"closed","ping_status":"closed","template":"","meta":{"neve_meta_sidebar":"","neve_meta_container":"","neve_meta_enable_content_width":"","neve_meta_content_width":0,"neve_meta_title_alignment":"","neve_meta_author_avatar":"","neve_post_elements_order":"","neve_meta_disable_header":"","neve_meta_disable_footer":"","neve_meta_disable_title":"","footnotes":""},"class_list":["post-381","page","type-page","status-publish","hentry"],"rise-blocks_excerpt":"[vc_row][vc_column][vc_column_text] \u2660 Una marina inteligente (Smart Marina) es aquella que cuenta con una infraestructura automatizada de equipos, software y procesos, lo mas \u00e1giles posibles y con la m\u00ednima cantidad de errores (velocidad y precisi\u00f3n). Cuya estad\u00eda de todos sus clientes temporales o permanentes sea con la mejor comodidad, seriedad y seguridad posible, garantizando siempre el retorno a sus instalaciones portuarias..","yoast_head":"<!-- This site is optimized with the Yoast SEO plugin v27.6 - https:\/\/yoast.com\/product\/yoast-seo-wordpress\/ -->\n<title>Inicio - Smart Marinas<\/title>\n<meta name=\"robots\" content=\"index, follow, max-snippet:-1, max-image-preview:large, max-video-preview:-1\" \/>\n<link rel=\"canonical\" href=\"https:\/\/smartmarina.ddns.net\/\" \/>\n<meta property=\"og:locale\" content=\"es_MX\" \/>\n<meta property=\"og:type\" content=\"article\" \/>\n<meta property=\"og:title\" content=\"Inicio - Smart Marinas\" \/>\n<meta property=\"og:description\" content=\"[vc_row][vc_column][vc_column_text] \u2660 Una marina inteligente (Smart Marina) es aquella que cuenta con una infraestructura automatizada de equipos, software y procesos, lo mas \u00e1giles posibles y con la m\u00ednima cantidad de errores (velocidad y precisi\u00f3n). Cuya estad\u00eda de todos sus clientes temporales o permanentes sea con la mejor comodidad, seriedad y seguridad posible, garantizando siempre el&hellip;&nbsp;Leer m\u00e1s &raquo;Inicio\" \/>\n<meta property=\"og:url\" content=\"https:\/\/smartmarina.ddns.net\/\" \/>\n<meta property=\"og:site_name\" content=\"Smart Marinas\" \/>\n<meta property=\"article:modified_time\" content=\"2025-12-06T20:37:23+00:00\" \/>\n<meta property=\"og:image\" content=\"https:\/\/smartmarina.ddns.net\/wp-content\/uploads\/2024\/01\/WiredEth1.jpg\" \/>\n\t<meta property=\"og:image:width\" content=\"337\" \/>\n\t<meta property=\"og:image:height\" content=\"576\" \/>\n\t<meta property=\"og:image:type\" content=\"image\/jpeg\" \/>\n<meta name=\"twitter:card\" content=\"summary_large_image\" \/>\n<meta name=\"twitter:label1\" content=\"Tiempo de lectura\" \/>\n\t<meta name=\"twitter:data1\" content=\"6 minutos\" \/>\n<script type=\"application\/ld+json\" class=\"yoast-schema-graph\">{\"@context\":\"https:\\\/\\\/schema.org\",\"@graph\":[{\"@type\":\"WebPage\",\"@id\":\"https:\\\/\\\/smartmarina.ddns.net\\\/\",\"url\":\"https:\\\/\\\/smartmarina.ddns.net\\\/\",\"name\":\"Inicio - Smart Marinas\",\"isPartOf\":{\"@id\":\"https:\\\/\\\/smartmarina.ddns.net\\\/#website\"},\"primaryImageOfPage\":{\"@id\":\"https:\\\/\\\/smartmarina.ddns.net\\\/#primaryimage\"},\"image\":{\"@id\":\"https:\\\/\\\/smartmarina.ddns.net\\\/#primaryimage\"},\"thumbnailUrl\":\"https:\\\/\\\/smartmarina.ddns.net\\\/wp-content\\\/uploads\\\/2024\\\/01\\\/WiredEth1.jpg\",\"datePublished\":\"2024-01-05T16:49:55+00:00\",\"dateModified\":\"2025-12-06T20:37:23+00:00\",\"breadcrumb\":{\"@id\":\"https:\\\/\\\/smartmarina.ddns.net\\\/#breadcrumb\"},\"inLanguage\":\"es\",\"potentialAction\":[{\"@type\":\"ReadAction\",\"target\":[\"https:\\\/\\\/smartmarina.ddns.net\\\/\"]}]},{\"@type\":\"ImageObject\",\"inLanguage\":\"es\",\"@id\":\"https:\\\/\\\/smartmarina.ddns.net\\\/#primaryimage\",\"url\":\"https:\\\/\\\/smartmarina.ddns.net\\\/wp-content\\\/uploads\\\/2024\\\/01\\\/WiredEth1.jpg\",\"contentUrl\":\"https:\\\/\\\/smartmarina.ddns.net\\\/wp-content\\\/uploads\\\/2024\\\/01\\\/WiredEth1.jpg\",\"width\":337,\"height\":576},{\"@type\":\"BreadcrumbList\",\"@id\":\"https:\\\/\\\/smartmarina.ddns.net\\\/#breadcrumb\",\"itemListElement\":[{\"@type\":\"ListItem\",\"position\":1,\"name\":\"Inicio\",\"item\":\"https:\\\/\\\/smartmarina.ddns.net\\\/\"},{\"@type\":\"ListItem\",\"position\":2,\"name\":\"Inicio\"}]},{\"@type\":\"WebSite\",\"@id\":\"https:\\\/\\\/smartmarina.ddns.net\\\/#website\",\"url\":\"https:\\\/\\\/smartmarina.ddns.net\\\/\",\"name\":\"Smart Marina\",\"description\":\"La nueva generaci\u00f3n de Marinas Inteligentes\",\"publisher\":{\"@id\":\"https:\\\/\\\/smartmarina.ddns.net\\\/#organization\"},\"potentialAction\":[{\"@type\":\"SearchAction\",\"target\":{\"@type\":\"EntryPoint\",\"urlTemplate\":\"https:\\\/\\\/smartmarina.ddns.net\\\/?s={search_term_string}\"},\"query-input\":{\"@type\":\"PropertyValueSpecification\",\"valueRequired\":true,\"valueName\":\"search_term_string\"}}],\"inLanguage\":\"es\"},{\"@type\":\"Organization\",\"@id\":\"https:\\\/\\\/smartmarina.ddns.net\\\/#organization\",\"name\":\"SmartMarina\",\"url\":\"https:\\\/\\\/smartmarina.ddns.net\\\/\",\"logo\":{\"@type\":\"ImageObject\",\"inLanguage\":\"es\",\"@id\":\"https:\\\/\\\/smartmarina.ddns.net\\\/#\\\/schema\\\/logo\\\/image\\\/\",\"url\":\"https:\\\/\\\/smartmarina.ddns.net\\\/wp-content\\\/uploads\\\/2023\\\/10\\\/LogocolorSmall.png\",\"contentUrl\":\"https:\\\/\\\/smartmarina.ddns.net\\\/wp-content\\\/uploads\\\/2023\\\/10\\\/LogocolorSmall.png\",\"width\":240,\"height\":169,\"caption\":\"SmartMarina\"},\"image\":{\"@id\":\"https:\\\/\\\/smartmarina.ddns.net\\\/#\\\/schema\\\/logo\\\/image\\\/\"}}]}<\/script>\n<!-- \/ Yoast SEO plugin. -->","yoast_head_json":{"title":"Inicio - Smart Marinas","robots":{"index":"index","follow":"follow","max-snippet":"max-snippet:-1","max-image-preview":"max-image-preview:large","max-video-preview":"max-video-preview:-1"},"canonical":"https:\/\/smartmarina.ddns.net\/","og_locale":"es_MX","og_type":"article","og_title":"Inicio - Smart Marinas","og_description":"[vc_row][vc_column][vc_column_text] \u2660 Una marina inteligente (Smart Marina) es aquella que cuenta con una infraestructura automatizada de equipos, software y procesos, lo mas \u00e1giles posibles y con la m\u00ednima cantidad de errores (velocidad y precisi\u00f3n). Cuya estad\u00eda de todos sus clientes temporales o permanentes sea con la mejor comodidad, seriedad y seguridad posible, garantizando siempre el&hellip;&nbsp;Leer m\u00e1s &raquo;Inicio","og_url":"https:\/\/smartmarina.ddns.net\/","og_site_name":"Smart Marinas","article_modified_time":"2025-12-06T20:37:23+00:00","og_image":[{"width":337,"height":576,"url":"https:\/\/smartmarina.ddns.net\/wp-content\/uploads\/2024\/01\/WiredEth1.jpg","type":"image\/jpeg"}],"twitter_card":"summary_large_image","twitter_misc":{"Tiempo de lectura":"6 minutos"},"schema":{"@context":"https:\/\/schema.org","@graph":[{"@type":"WebPage","@id":"https:\/\/smartmarina.ddns.net\/","url":"https:\/\/smartmarina.ddns.net\/","name":"Inicio - Smart Marinas","isPartOf":{"@id":"https:\/\/smartmarina.ddns.net\/#website"},"primaryImageOfPage":{"@id":"https:\/\/smartmarina.ddns.net\/#primaryimage"},"image":{"@id":"https:\/\/smartmarina.ddns.net\/#primaryimage"},"thumbnailUrl":"https:\/\/smartmarina.ddns.net\/wp-content\/uploads\/2024\/01\/WiredEth1.jpg","datePublished":"2024-01-05T16:49:55+00:00","dateModified":"2025-12-06T20:37:23+00:00","breadcrumb":{"@id":"https:\/\/smartmarina.ddns.net\/#breadcrumb"},"inLanguage":"es","potentialAction":[{"@type":"ReadAction","target":["https:\/\/smartmarina.ddns.net\/"]}]},{"@type":"ImageObject","inLanguage":"es","@id":"https:\/\/smartmarina.ddns.net\/#primaryimage","url":"https:\/\/smartmarina.ddns.net\/wp-content\/uploads\/2024\/01\/WiredEth1.jpg","contentUrl":"https:\/\/smartmarina.ddns.net\/wp-content\/uploads\/2024\/01\/WiredEth1.jpg","width":337,"height":576},{"@type":"BreadcrumbList","@id":"https:\/\/smartmarina.ddns.net\/#breadcrumb","itemListElement":[{"@type":"ListItem","position":1,"name":"Inicio","item":"https:\/\/smartmarina.ddns.net\/"},{"@type":"ListItem","position":2,"name":"Inicio"}]},{"@type":"WebSite","@id":"https:\/\/smartmarina.ddns.net\/#website","url":"https:\/\/smartmarina.ddns.net\/","name":"Smart Marina","description":"La nueva generaci\u00f3n de Marinas Inteligentes","publisher":{"@id":"https:\/\/smartmarina.ddns.net\/#organization"},"potentialAction":[{"@type":"SearchAction","target":{"@type":"EntryPoint","urlTemplate":"https:\/\/smartmarina.ddns.net\/?s={search_term_string}"},"query-input":{"@type":"PropertyValueSpecification","valueRequired":true,"valueName":"search_term_string"}}],"inLanguage":"es"},{"@type":"Organization","@id":"https:\/\/smartmarina.ddns.net\/#organization","name":"SmartMarina","url":"https:\/\/smartmarina.ddns.net\/","logo":{"@type":"ImageObject","inLanguage":"es","@id":"https:\/\/smartmarina.ddns.net\/#\/schema\/logo\/image\/","url":"https:\/\/smartmarina.ddns.net\/wp-content\/uploads\/2023\/10\/LogocolorSmall.png","contentUrl":"https:\/\/smartmarina.ddns.net\/wp-content\/uploads\/2023\/10\/LogocolorSmall.png","width":240,"height":169,"caption":"SmartMarina"},"image":{"@id":"https:\/\/smartmarina.ddns.net\/#\/schema\/logo\/image\/"}}]}},"_links":{"self":[{"href":"https:\/\/smartmarina.ddns.net\/index.php?rest_route=\/wp\/v2\/pages\/381","targetHints":{"allow":["GET"]}}],"collection":[{"href":"https:\/\/smartmarina.ddns.net\/index.php?rest_route=\/wp\/v2\/pages"}],"about":[{"href":"https:\/\/smartmarina.ddns.net\/index.php?rest_route=\/wp\/v2\/types\/page"}],"author":[{"embeddable":true,"href":"https:\/\/smartmarina.ddns.net\/index.php?rest_route=\/wp\/v2\/users\/1"}],"replies":[{"embeddable":true,"href":"https:\/\/smartmarina.ddns.net\/index.php?rest_route=%2Fwp%2Fv2%2Fcomments&post=381"}],"version-history":[{"count":62,"href":"https:\/\/smartmarina.ddns.net\/index.php?rest_route=\/wp\/v2\/pages\/381\/revisions"}],"predecessor-version":[{"id":751,"href":"https:\/\/smartmarina.ddns.net\/index.php?rest_route=\/wp\/v2\/pages\/381\/revisions\/751"}],"wp:attachment":[{"href":"https:\/\/smartmarina.ddns.net\/index.php?rest_route=%2Fwp%2Fv2%2Fmedia&parent=381"}],"curies":[{"name":"wp","href":"https:\/\/api.w.org\/{rel}","templated":true}]}}