{"id":667,"date":"2024-11-13T15:43:22","date_gmt":"2024-11-13T22:43:22","guid":{"rendered":"https:\/\/smartmarina.ddns.net\/?page_id=667"},"modified":"2024-11-20T09:38:30","modified_gmt":"2024-11-20T16:38:30","slug":"politica-de-privacidad","status":"publish","type":"page","link":"https:\/\/smartmarina.ddns.net\/?page_id=667","title":{"rendered":"Pol\u00edtica de Privacidad"},"content":{"rendered":"<div class=\"wpb-content-wrapper\"><p>[vc_row][vc_column][vc_column_text]La pol\u00edtica de privacidad de datos personales para el sistema de marinas inteligentes SmartMarina es la siguiente:<\/p>\n<p>[\/vc_column_text][\/vc_column][\/vc_row][vc_row][vc_column][vc_column_text]<\/p>\n<p class=\"texto-descripcion\">Los datos personales que recabemos de usted, los utilizaremos para las siguientes finalidades que son necesarias para el servicio que solicita:<\/p>\n<ul class=\"lista-circle\">\n<li>Consultar y verificar su identidad y datos personales<\/li>\n<li>Otorgar los servicios solicitados o contratados<\/li>\n<li>Brindar asesor\u00eda y atenci\u00f3n oportuna a sus consultas, dudas y aclaraciones<\/li>\n<\/ul>\n<p class=\"texto-descripcion ps-3 ms-1\">De manera adicional, utilizaremos su informaci\u00f3n personal para las siguientes finalidades secundarias que no son necesarias para el servicio solicitado, pero que nos permiten y facilitan brindarle una mejor atenci\u00f3n:<\/p>\n<ul class=\"lista-circle\">\n<li>Contactarlo para ofrecerle servicios.\u00a0<\/li>\n<li>Gesti\u00f3n de cobranza<\/li>\n<\/ul>\n<p class=\"texto-descripcion mb-4\">En caso de que no desee que sus datos personales sean tratados para estos fines secundarios, desde este momento usted nos puede comunicar lo anterior a trav\u00e9s del siguiente mecanismo:<\/p>\n<p>Correo electr\u00f3nico: <span style=\"color: #0000ff;\">m_carballo @ yahoo.com<\/span><\/p>\n<p class=\"texto-descripcion mt-4 mb-5\">La negativa para el uso de sus datos personales para estas finalidades no podr\u00e1 ser un motivo para que le neguemos los servicios que solicita o contrata con nosotros. Para conocer mayor informaci\u00f3n sobre los t\u00e9rminos y condiciones en que ser\u00e1n tratados sus datos personales y la forma en que podr\u00e1 ejercer sus derechos ARCO.<\/p>\n<p>[\/vc_column_text][\/vc_column][\/vc_row]<\/p>\n<\/div>","protected":false},"excerpt":{"rendered":"<p>[vc_row][vc_column][vc_column_text]La pol\u00edtica de privacidad de datos personales para el sistema de marinas inteligentes SmartMarina es la siguiente: [\/vc_column_text][\/vc_column][\/vc_row][vc_row][vc_column][vc_column_text] Los datos personales que recabemos de usted, los utilizaremos para las siguientes finalidades que son necesarias para el servicio que solicita: Consultar y verificar su identidad y datos personales Otorgar los servicios solicitados o contratados Brindar asesor\u00eda&hellip;&nbsp;<a href=\"https:\/\/smartmarina.ddns.net\/?page_id=667\" rel=\"bookmark\">Leer m\u00e1s &raquo;<span class=\"screen-reader-text\">Pol\u00edtica de Privacidad<\/span><\/a><\/p>\n","protected":false},"author":1,"featured_media":0,"parent":0,"menu_order":0,"comment_status":"closed","ping_status":"closed","template":"","meta":{"neve_meta_sidebar":"","neve_meta_container":"","neve_meta_enable_content_width":"","neve_meta_content_width":0,"neve_meta_title_alignment":"","neve_meta_author_avatar":"","neve_post_elements_order":"","neve_meta_disable_header":"","neve_meta_disable_footer":"","neve_meta_disable_title":"","footnotes":""},"class_list":["post-667","page","type-page","status-publish","hentry"],"rise-blocks_excerpt":"[vc_row][vc_column][vc_column_text]La pol\u00edtica de privacidad de datos personales para el sistema de marinas inteligentes SmartMarina es la siguiente: [\/vc_column_text][\/vc_column][\/vc_row][vc_row][vc_column][vc_column_text] Los datos personales que recabemos de usted, los utilizaremos para las siguientes finalidades que son necesarias para el servicio que solicita: Consultar y verificar su identidad y datos personales Otorgar los servicios solicitados o contratados Brindar asesor\u00eda y atenci\u00f3n oportuna a sus..","yoast_head":"<!-- This site is optimized with the Yoast SEO plugin v27.6 - https:\/\/yoast.com\/product\/yoast-seo-wordpress\/ -->\n<title>Pol\u00edtica de Privacidad - Smart Marinas<\/title>\n<meta name=\"robots\" content=\"index, follow, max-snippet:-1, max-image-preview:large, max-video-preview:-1\" \/>\n<link rel=\"canonical\" href=\"https:\/\/smartmarina.ddns.net\/?page_id=667\" \/>\n<meta property=\"og:locale\" content=\"es_MX\" \/>\n<meta property=\"og:type\" content=\"article\" \/>\n<meta property=\"og:title\" content=\"Pol\u00edtica de Privacidad - Smart Marinas\" \/>\n<meta property=\"og:description\" content=\"[vc_row][vc_column][vc_column_text]La pol\u00edtica de privacidad de datos personales para el sistema de marinas inteligentes SmartMarina es la siguiente: [\/vc_column_text][\/vc_column][\/vc_row][vc_row][vc_column][vc_column_text] Los datos personales que recabemos de usted, los utilizaremos para las siguientes finalidades que son necesarias para el servicio que solicita: Consultar y verificar su identidad y datos personales Otorgar los servicios solicitados o contratados Brindar asesor\u00eda&hellip;&nbsp;Leer m\u00e1s &raquo;Pol\u00edtica de Privacidad\" \/>\n<meta property=\"og:url\" content=\"https:\/\/smartmarina.ddns.net\/?page_id=667\" \/>\n<meta property=\"og:site_name\" content=\"Smart Marinas\" \/>\n<meta property=\"article:modified_time\" content=\"2024-11-20T16:38:30+00:00\" \/>\n<meta name=\"twitter:card\" content=\"summary_large_image\" \/>\n<meta name=\"twitter:label1\" content=\"Tiempo de lectura\" \/>\n\t<meta name=\"twitter:data1\" content=\"1 minuto\" \/>\n<script type=\"application\/ld+json\" class=\"yoast-schema-graph\">{\"@context\":\"https:\\\/\\\/schema.org\",\"@graph\":[{\"@type\":\"WebPage\",\"@id\":\"https:\\\/\\\/smartmarina.ddns.net\\\/?page_id=667\",\"url\":\"https:\\\/\\\/smartmarina.ddns.net\\\/?page_id=667\",\"name\":\"Pol\u00edtica de Privacidad - Smart Marinas\",\"isPartOf\":{\"@id\":\"https:\\\/\\\/smartmarina.ddns.net\\\/#website\"},\"datePublished\":\"2024-11-13T22:43:22+00:00\",\"dateModified\":\"2024-11-20T16:38:30+00:00\",\"breadcrumb\":{\"@id\":\"https:\\\/\\\/smartmarina.ddns.net\\\/?page_id=667#breadcrumb\"},\"inLanguage\":\"es\",\"potentialAction\":[{\"@type\":\"ReadAction\",\"target\":[\"https:\\\/\\\/smartmarina.ddns.net\\\/?page_id=667\"]}]},{\"@type\":\"BreadcrumbList\",\"@id\":\"https:\\\/\\\/smartmarina.ddns.net\\\/?page_id=667#breadcrumb\",\"itemListElement\":[{\"@type\":\"ListItem\",\"position\":1,\"name\":\"Inicio\",\"item\":\"https:\\\/\\\/smartmarina.ddns.net\\\/\"},{\"@type\":\"ListItem\",\"position\":2,\"name\":\"Pol\u00edtica de Privacidad\"}]},{\"@type\":\"WebSite\",\"@id\":\"https:\\\/\\\/smartmarina.ddns.net\\\/#website\",\"url\":\"https:\\\/\\\/smartmarina.ddns.net\\\/\",\"name\":\"Smart Marina\",\"description\":\"La nueva generaci\u00f3n de Marinas Inteligentes\",\"publisher\":{\"@id\":\"https:\\\/\\\/smartmarina.ddns.net\\\/#organization\"},\"potentialAction\":[{\"@type\":\"SearchAction\",\"target\":{\"@type\":\"EntryPoint\",\"urlTemplate\":\"https:\\\/\\\/smartmarina.ddns.net\\\/?s={search_term_string}\"},\"query-input\":{\"@type\":\"PropertyValueSpecification\",\"valueRequired\":true,\"valueName\":\"search_term_string\"}}],\"inLanguage\":\"es\"},{\"@type\":\"Organization\",\"@id\":\"https:\\\/\\\/smartmarina.ddns.net\\\/#organization\",\"name\":\"SmartMarina\",\"url\":\"https:\\\/\\\/smartmarina.ddns.net\\\/\",\"logo\":{\"@type\":\"ImageObject\",\"inLanguage\":\"es\",\"@id\":\"https:\\\/\\\/smartmarina.ddns.net\\\/#\\\/schema\\\/logo\\\/image\\\/\",\"url\":\"https:\\\/\\\/smartmarina.ddns.net\\\/wp-content\\\/uploads\\\/2023\\\/10\\\/LogocolorSmall.png\",\"contentUrl\":\"https:\\\/\\\/smartmarina.ddns.net\\\/wp-content\\\/uploads\\\/2023\\\/10\\\/LogocolorSmall.png\",\"width\":240,\"height\":169,\"caption\":\"SmartMarina\"},\"image\":{\"@id\":\"https:\\\/\\\/smartmarina.ddns.net\\\/#\\\/schema\\\/logo\\\/image\\\/\"}}]}<\/script>\n<!-- \/ Yoast SEO plugin. -->","yoast_head_json":{"title":"Pol\u00edtica de Privacidad - Smart Marinas","robots":{"index":"index","follow":"follow","max-snippet":"max-snippet:-1","max-image-preview":"max-image-preview:large","max-video-preview":"max-video-preview:-1"},"canonical":"https:\/\/smartmarina.ddns.net\/?page_id=667","og_locale":"es_MX","og_type":"article","og_title":"Pol\u00edtica de Privacidad - Smart Marinas","og_description":"[vc_row][vc_column][vc_column_text]La pol\u00edtica de privacidad de datos personales para el sistema de marinas inteligentes SmartMarina es la siguiente: [\/vc_column_text][\/vc_column][\/vc_row][vc_row][vc_column][vc_column_text] Los datos personales que recabemos de usted, los utilizaremos para las siguientes finalidades que son necesarias para el servicio que solicita: Consultar y verificar su identidad y datos personales Otorgar los servicios solicitados o contratados Brindar asesor\u00eda&hellip;&nbsp;Leer m\u00e1s &raquo;Pol\u00edtica de Privacidad","og_url":"https:\/\/smartmarina.ddns.net\/?page_id=667","og_site_name":"Smart Marinas","article_modified_time":"2024-11-20T16:38:30+00:00","twitter_card":"summary_large_image","twitter_misc":{"Tiempo de lectura":"1 minuto"},"schema":{"@context":"https:\/\/schema.org","@graph":[{"@type":"WebPage","@id":"https:\/\/smartmarina.ddns.net\/?page_id=667","url":"https:\/\/smartmarina.ddns.net\/?page_id=667","name":"Pol\u00edtica de Privacidad - Smart Marinas","isPartOf":{"@id":"https:\/\/smartmarina.ddns.net\/#website"},"datePublished":"2024-11-13T22:43:22+00:00","dateModified":"2024-11-20T16:38:30+00:00","breadcrumb":{"@id":"https:\/\/smartmarina.ddns.net\/?page_id=667#breadcrumb"},"inLanguage":"es","potentialAction":[{"@type":"ReadAction","target":["https:\/\/smartmarina.ddns.net\/?page_id=667"]}]},{"@type":"BreadcrumbList","@id":"https:\/\/smartmarina.ddns.net\/?page_id=667#breadcrumb","itemListElement":[{"@type":"ListItem","position":1,"name":"Inicio","item":"https:\/\/smartmarina.ddns.net\/"},{"@type":"ListItem","position":2,"name":"Pol\u00edtica de Privacidad"}]},{"@type":"WebSite","@id":"https:\/\/smartmarina.ddns.net\/#website","url":"https:\/\/smartmarina.ddns.net\/","name":"Smart Marina","description":"La nueva generaci\u00f3n de Marinas Inteligentes","publisher":{"@id":"https:\/\/smartmarina.ddns.net\/#organization"},"potentialAction":[{"@type":"SearchAction","target":{"@type":"EntryPoint","urlTemplate":"https:\/\/smartmarina.ddns.net\/?s={search_term_string}"},"query-input":{"@type":"PropertyValueSpecification","valueRequired":true,"valueName":"search_term_string"}}],"inLanguage":"es"},{"@type":"Organization","@id":"https:\/\/smartmarina.ddns.net\/#organization","name":"SmartMarina","url":"https:\/\/smartmarina.ddns.net\/","logo":{"@type":"ImageObject","inLanguage":"es","@id":"https:\/\/smartmarina.ddns.net\/#\/schema\/logo\/image\/","url":"https:\/\/smartmarina.ddns.net\/wp-content\/uploads\/2023\/10\/LogocolorSmall.png","contentUrl":"https:\/\/smartmarina.ddns.net\/wp-content\/uploads\/2023\/10\/LogocolorSmall.png","width":240,"height":169,"caption":"SmartMarina"},"image":{"@id":"https:\/\/smartmarina.ddns.net\/#\/schema\/logo\/image\/"}}]}},"_links":{"self":[{"href":"https:\/\/smartmarina.ddns.net\/index.php?rest_route=\/wp\/v2\/pages\/667","targetHints":{"allow":["GET"]}}],"collection":[{"href":"https:\/\/smartmarina.ddns.net\/index.php?rest_route=\/wp\/v2\/pages"}],"about":[{"href":"https:\/\/smartmarina.ddns.net\/index.php?rest_route=\/wp\/v2\/types\/page"}],"author":[{"embeddable":true,"href":"https:\/\/smartmarina.ddns.net\/index.php?rest_route=\/wp\/v2\/users\/1"}],"replies":[{"embeddable":true,"href":"https:\/\/smartmarina.ddns.net\/index.php?rest_route=%2Fwp%2Fv2%2Fcomments&post=667"}],"version-history":[{"count":4,"href":"https:\/\/smartmarina.ddns.net\/index.php?rest_route=\/wp\/v2\/pages\/667\/revisions"}],"predecessor-version":[{"id":677,"href":"https:\/\/smartmarina.ddns.net\/index.php?rest_route=\/wp\/v2\/pages\/667\/revisions\/677"}],"wp:attachment":[{"href":"https:\/\/smartmarina.ddns.net\/index.php?rest_route=%2Fwp%2Fv2%2Fmedia&parent=667"}],"curies":[{"name":"wp","href":"https:\/\/api.w.org\/{rel}","templated":true}]}}